{"id":691936,"date":"2023-09-13T11:01:50","date_gmt":"2023-09-13T11:01:50","guid":{"rendered":"https:\/\/www.beirut.com\/?page_id=691936"},"modified":"2024-07-03T08:21:16","modified_gmt":"2024-07-03T08:21:16","slug":"timeline","status":"publish","type":"page","link":"https:\/\/www.beirut.com\/fr\/timeline\/","title":{"rendered":"Chronologie"},"content":{"rendered":" <pre id=\"tw-target-text\" class=\"wp-block-preformatted\">  Curieux de savoir ce qui s'est pass\u00e9 le jour de votre anniversaire l'ann\u00e9e derni\u00e8re ou quel club \u00e9tait l'endroit le plus branch\u00e9 en 2020 ? Notre fonction de chronologie vous permet d'explorer notre contenu dans l'ordre chronologique, facilitant ainsi la d\u00e9couverte des \u00e9v\u00e9nements pass\u00e9s et des tendances au Liban ! Il vous suffit de s\u00e9lectionner l'ann\u00e9e et le mois et de plonger dedans !         <\/pre>    <figure class=\"wp-block-image size-full\"><img loading=\"lazy\" decoding=\"async\" width=\"20\" height=\"20\" src=\"https:\/\/www.beirut.com\/wp-content\/uploads\/2024\/07\/image-1.png\" alt=\"\" class=\"wp-image-726427\"\/><\/figure> ","protected":false},"excerpt":{"rendered":"<p>Curieux de savoir ce qui s&#8217;est pass\u00e9 le jour de votre anniversaire l&#8217;ann\u00e9e derni\u00e8re ou quel club \u00e9tait l&#8217;endroit le plus branch\u00e9 en 2020 ? Notre fonction de chronologie vous permet d&#8217;explorer notre contenu dans l&#8217;ordre chronologique, facilitant ainsi la d\u00e9couverte des \u00e9v\u00e9nements pass\u00e9s et des tendances au Liban ! Il vous suffit de s\u00e9lectionner [&hellip;]<\/p>\n","protected":false},"author":1,"featured_media":0,"parent":0,"menu_order":0,"comment_status":"closed","ping_status":"closed","template":"","meta":{"footnotes":""},"class_list":["post-691936","page","type-page","status-publish","hentry"],"authorship":[1],"yoast_head":"<!-- This site is optimized with the Yoast SEO Premium plugin v27.3 (Yoast SEO v27.3) - https:\/\/yoast.com\/product\/yoast-seo-premium-wordpress\/ -->\n<title>Chronologie &#187; Beirut.com<\/title>\n<meta name=\"robots\" content=\"index, follow, max-snippet:-1, max-image-preview:large, max-video-preview:-1\" \/>\n<link rel=\"canonical\" href=\"https:\/\/www.beirut.com\/fr\/timeline\/\" \/>\n<meta property=\"og:locale\" content=\"fr_FR\" \/>\n<meta property=\"og:type\" content=\"article\" \/>\n<meta property=\"og:title\" content=\"Chronologie\" \/>\n<meta property=\"og:description\" content=\"Curieux de savoir ce qui s&#039;est pass\u00e9 le jour de votre anniversaire l&#039;ann\u00e9e derni\u00e8re ou quel club \u00e9tait l&#039;endroit le plus branch\u00e9 en 2020 ? Notre fonction de chronologie vous permet d&#039;explorer notre contenu dans l&#039;ordre chronologique, facilitant ainsi la d\u00e9couverte des \u00e9v\u00e9nements pass\u00e9s et des tendances au Liban ! Il vous suffit de s\u00e9lectionner [&hellip;]\" \/>\n<meta property=\"og:url\" content=\"https:\/\/www.beirut.com\/fr\/timeline\/\" \/>\n<meta property=\"og:site_name\" content=\"Beirut.com\" \/>\n<meta property=\"article:publisher\" content=\"https:\/\/www.facebook.com\/beirutcityguide\" \/>\n<meta property=\"article:modified_time\" content=\"2024-07-03T08:21:16+00:00\" \/>\n<meta property=\"og:image\" content=\"https:\/\/www.beirut.com\/wp-content\/uploads\/2024\/07\/image-1.png\" \/>\n<meta name=\"twitter:card\" content=\"summary_large_image\" \/>\n<meta name=\"twitter:site\" content=\"@beirutcityguide\" \/>\n<meta name=\"twitter:label1\" content=\"Dur\u00e9e de lecture estim\u00e9e\" \/>\n\t<meta name=\"twitter:data1\" content=\"1 minute\" \/>\n<script type=\"application\/ld+json\" class=\"yoast-schema-graph\">{\"@context\":\"https:\\\/\\\/schema.org\",\"@graph\":[{\"@type\":\"WebPage\",\"@id\":\"https:\\\/\\\/www.beirut.com\\\/fr\\\/timeline\\\/\",\"url\":\"https:\\\/\\\/www.beirut.com\\\/fr\\\/timeline\\\/\",\"name\":\"Chronologie &#187; Beirut.com\",\"isPartOf\":{\"@id\":\"https:\\\/\\\/www.beirut.com\\\/ar\\\/#website\"},\"primaryImageOfPage\":{\"@id\":\"https:\\\/\\\/www.beirut.com\\\/fr\\\/timeline\\\/#primaryimage\"},\"image\":{\"@id\":\"https:\\\/\\\/www.beirut.com\\\/fr\\\/timeline\\\/#primaryimage\"},\"thumbnailUrl\":\"https:\\\/\\\/www.beirut.com\\\/wp-content\\\/uploads\\\/2024\\\/07\\\/image-1.png\",\"datePublished\":\"2023-09-13T11:01:50+00:00\",\"dateModified\":\"2024-07-03T08:21:16+00:00\",\"breadcrumb\":{\"@id\":\"https:\\\/\\\/www.beirut.com\\\/fr\\\/timeline\\\/#breadcrumb\"},\"inLanguage\":\"fr-FR\",\"potentialAction\":[{\"@type\":\"ReadAction\",\"target\":[\"https:\\\/\\\/www.beirut.com\\\/fr\\\/timeline\\\/\"]}]},{\"@type\":\"ImageObject\",\"inLanguage\":\"fr-FR\",\"@id\":\"https:\\\/\\\/www.beirut.com\\\/fr\\\/timeline\\\/#primaryimage\",\"url\":\"https:\\\/\\\/www.beirut.com\\\/wp-content\\\/uploads\\\/2024\\\/07\\\/image-1.png\",\"contentUrl\":\"https:\\\/\\\/www.beirut.com\\\/wp-content\\\/uploads\\\/2024\\\/07\\\/image-1.png\"},{\"@type\":\"BreadcrumbList\",\"@id\":\"https:\\\/\\\/www.beirut.com\\\/fr\\\/timeline\\\/#breadcrumb\",\"itemListElement\":[{\"@type\":\"ListItem\",\"position\":1,\"name\":\"Home\",\"item\":\"https:\\\/\\\/www.beirut.com\\\/ar\\\/\"},{\"@type\":\"ListItem\",\"position\":2,\"name\":\"Chronologie\"}]},{\"@type\":\"WebSite\",\"@id\":\"https:\\\/\\\/www.beirut.com\\\/ar\\\/#website\",\"url\":\"https:\\\/\\\/www.beirut.com\\\/ar\\\/\",\"name\":\"Beirut.com\",\"description\":\"Beirut.com est votre guide de Liban, avec les meilleures adresses de gastronomie, culture, quartiers et nouveaut\u00e9s. D\u00e9couvrez o\u00f9 aller et tomber amoureux.\",\"publisher\":{\"@id\":\"https:\\\/\\\/www.beirut.com\\\/ar\\\/#organization\"},\"potentialAction\":[{\"@type\":\"SearchAction\",\"target\":{\"@type\":\"EntryPoint\",\"urlTemplate\":\"https:\\\/\\\/www.beirut.com\\\/ar\\\/?s={search_term_string}\"},\"query-input\":{\"@type\":\"PropertyValueSpecification\",\"valueRequired\":true,\"valueName\":\"search_term_string\"}}],\"inLanguage\":\"fr-FR\"},{\"@type\":\"Organization\",\"@id\":\"https:\\\/\\\/www.beirut.com\\\/ar\\\/#organization\",\"name\":\"Beirut.com, SA\",\"url\":\"https:\\\/\\\/www.beirut.com\\\/ar\\\/\",\"logo\":{\"@type\":\"ImageObject\",\"inLanguage\":\"fr-FR\",\"@id\":\"https:\\\/\\\/www.beirut.com\\\/ar\\\/#\\\/schema\\\/logo\\\/image\\\/\",\"url\":\"https:\\\/\\\/www.beirut.com\\\/wp-content\\\/uploads\\\/2023\\\/04\\\/Beirut.com-Logo-scaled.jpg\",\"contentUrl\":\"https:\\\/\\\/www.beirut.com\\\/wp-content\\\/uploads\\\/2023\\\/04\\\/Beirut.com-Logo-scaled.jpg\",\"width\":2560,\"height\":1044,\"caption\":\"Beirut.com, SA\"},\"image\":{\"@id\":\"https:\\\/\\\/www.beirut.com\\\/ar\\\/#\\\/schema\\\/logo\\\/image\\\/\"},\"sameAs\":[\"https:\\\/\\\/www.facebook.com\\\/beirutcityguide\",\"https:\\\/\\\/x.com\\\/beirutcityguide\"]}]}<\/script>\n<!-- \/ Yoast SEO Premium plugin. -->","yoast_head_json":{"title":"Chronologie &#187; Beirut.com","robots":{"index":"index","follow":"follow","max-snippet":"max-snippet:-1","max-image-preview":"max-image-preview:large","max-video-preview":"max-video-preview:-1"},"canonical":"https:\/\/www.beirut.com\/fr\/timeline\/","og_locale":"fr_FR","og_type":"article","og_title":"Chronologie","og_description":"Curieux de savoir ce qui s'est pass\u00e9 le jour de votre anniversaire l'ann\u00e9e derni\u00e8re ou quel club \u00e9tait l'endroit le plus branch\u00e9 en 2020 ? Notre fonction de chronologie vous permet d'explorer notre contenu dans l'ordre chronologique, facilitant ainsi la d\u00e9couverte des \u00e9v\u00e9nements pass\u00e9s et des tendances au Liban ! Il vous suffit de s\u00e9lectionner [&hellip;]","og_url":"https:\/\/www.beirut.com\/fr\/timeline\/","og_site_name":"Beirut.com","article_publisher":"https:\/\/www.facebook.com\/beirutcityguide","article_modified_time":"2024-07-03T08:21:16+00:00","og_image":[{"url":"https:\/\/www.beirut.com\/wp-content\/uploads\/2024\/07\/image-1.png","type":"","width":"","height":""}],"twitter_card":"summary_large_image","twitter_site":"@beirutcityguide","twitter_misc":{"Dur\u00e9e de lecture estim\u00e9e":"1 minute"},"schema":{"@context":"https:\/\/schema.org","@graph":[{"@type":"WebPage","@id":"https:\/\/www.beirut.com\/fr\/timeline\/","url":"https:\/\/www.beirut.com\/fr\/timeline\/","name":"Chronologie &#187; Beirut.com","isPartOf":{"@id":"https:\/\/www.beirut.com\/ar\/#website"},"primaryImageOfPage":{"@id":"https:\/\/www.beirut.com\/fr\/timeline\/#primaryimage"},"image":{"@id":"https:\/\/www.beirut.com\/fr\/timeline\/#primaryimage"},"thumbnailUrl":"https:\/\/www.beirut.com\/wp-content\/uploads\/2024\/07\/image-1.png","datePublished":"2023-09-13T11:01:50+00:00","dateModified":"2024-07-03T08:21:16+00:00","breadcrumb":{"@id":"https:\/\/www.beirut.com\/fr\/timeline\/#breadcrumb"},"inLanguage":"fr-FR","potentialAction":[{"@type":"ReadAction","target":["https:\/\/www.beirut.com\/fr\/timeline\/"]}]},{"@type":"ImageObject","inLanguage":"fr-FR","@id":"https:\/\/www.beirut.com\/fr\/timeline\/#primaryimage","url":"https:\/\/www.beirut.com\/wp-content\/uploads\/2024\/07\/image-1.png","contentUrl":"https:\/\/www.beirut.com\/wp-content\/uploads\/2024\/07\/image-1.png"},{"@type":"BreadcrumbList","@id":"https:\/\/www.beirut.com\/fr\/timeline\/#breadcrumb","itemListElement":[{"@type":"ListItem","position":1,"name":"Home","item":"https:\/\/www.beirut.com\/ar\/"},{"@type":"ListItem","position":2,"name":"Chronologie"}]},{"@type":"WebSite","@id":"https:\/\/www.beirut.com\/ar\/#website","url":"https:\/\/www.beirut.com\/ar\/","name":"Beirut.com","description":"Beirut.com est votre guide de Liban, avec les meilleures adresses de gastronomie, culture, quartiers et nouveaut\u00e9s. D\u00e9couvrez o\u00f9 aller et tomber amoureux.","publisher":{"@id":"https:\/\/www.beirut.com\/ar\/#organization"},"potentialAction":[{"@type":"SearchAction","target":{"@type":"EntryPoint","urlTemplate":"https:\/\/www.beirut.com\/ar\/?s={search_term_string}"},"query-input":{"@type":"PropertyValueSpecification","valueRequired":true,"valueName":"search_term_string"}}],"inLanguage":"fr-FR"},{"@type":"Organization","@id":"https:\/\/www.beirut.com\/ar\/#organization","name":"Beirut.com, SA","url":"https:\/\/www.beirut.com\/ar\/","logo":{"@type":"ImageObject","inLanguage":"fr-FR","@id":"https:\/\/www.beirut.com\/ar\/#\/schema\/logo\/image\/","url":"https:\/\/www.beirut.com\/wp-content\/uploads\/2023\/04\/Beirut.com-Logo-scaled.jpg","contentUrl":"https:\/\/www.beirut.com\/wp-content\/uploads\/2023\/04\/Beirut.com-Logo-scaled.jpg","width":2560,"height":1044,"caption":"Beirut.com, SA"},"image":{"@id":"https:\/\/www.beirut.com\/ar\/#\/schema\/logo\/image\/"},"sameAs":["https:\/\/www.facebook.com\/beirutcityguide","https:\/\/x.com\/beirutcityguide"]}]}},"_links":{"self":[{"href":"https:\/\/www.beirut.com\/fr\/wp-json\/wp\/v2\/pages\/691936","targetHints":{"allow":["GET"]}}],"collection":[{"href":"https:\/\/www.beirut.com\/fr\/wp-json\/wp\/v2\/pages"}],"about":[{"href":"https:\/\/www.beirut.com\/fr\/wp-json\/wp\/v2\/types\/page"}],"author":[{"embeddable":true,"href":"https:\/\/www.beirut.com\/fr\/wp-json\/wp\/v2\/users\/1"}],"replies":[{"embeddable":true,"href":"https:\/\/www.beirut.com\/fr\/wp-json\/wp\/v2\/comments?post=691936"}],"version-history":[{"count":1,"href":"https:\/\/www.beirut.com\/fr\/wp-json\/wp\/v2\/pages\/691936\/revisions"}],"predecessor-version":[{"id":726431,"href":"https:\/\/www.beirut.com\/fr\/wp-json\/wp\/v2\/pages\/691936\/revisions\/726431"}],"wp:authorship":[{"embeddable":true,"href":"https:\/\/www.beirut.com\/fr\/wp-json\/wp\/v2\/users\/1"}],"wp:attachment":[{"href":"https:\/\/www.beirut.com\/fr\/wp-json\/wp\/v2\/media?parent=691936"}],"curies":[{"name":"wp","href":"https:\/\/api.w.org\/{rel}","templated":true}]}}