{"id":723567,"date":"2024-05-29T09:12:01","date_gmt":"2024-05-29T09:12:01","guid":{"rendered":"https:\/\/www.beirut.com\/en?post_type=product&#038;p=723567"},"modified":"2024-05-29T12:23:07","modified_gmt":"2024-05-29T12:23:07","slug":"beirut-sticker-pack","status":"publish","type":"product","link":"https:\/\/www.beirut.com\/fr\/product\/beirut-sticker-pack\/","title":{"rendered":"Beirut Sticker Pack"},"content":{"rendered":"<p>A four-pack of our fun, reusable stickers! Keep your eyes on this space for more sticker drops. <\/p>\n<p><strong>Psst..did you know that if you buy any of our other merch, you get these stickers for free?<\/strong><\/p>\n","protected":false},"excerpt":{"rendered":"<p>A pack of four of our colorful Beirut stickers (two English, two Arabic) to brighten up your day! These stickers are waterproof, made of recycled materials, and leave no residue behind! They&#8217;re also reusable and can be used on your laptop, phone, bags, and virtually everything!<\/p>\n","protected":false},"featured_media":723585,"template":"","meta":[],"product_brand":[],"product_cat":[2104],"product_tag":[],"class_list":{"0":"post-723567","1":"product","2":"type-product","3":"status-publish","4":"has-post-thumbnail","6":"product_cat-merch","8":"first","9":"instock","10":"sold-individually","11":"shipping-taxable","12":"purchasable","13":"product-type-addon"},"yoast_head":"<!-- This site is optimized with the Yoast SEO Premium plugin v27.3 (Yoast SEO v27.3) - https:\/\/yoast.com\/product\/yoast-seo-premium-wordpress\/ -->\n<title>Beirut Sticker Pack &#187; Beirut.com<\/title>\n<meta name=\"robots\" content=\"index, follow, max-snippet:-1, max-image-preview:large, max-video-preview:-1\" \/>\n<link rel=\"canonical\" href=\"https:\/\/www.beirut.com\/fr\/product\/beirut-sticker-pack\/\" \/>\n<meta property=\"og:locale\" content=\"fr_FR\" \/>\n<meta property=\"og:type\" content=\"article\" \/>\n<meta property=\"og:title\" content=\"Beirut Sticker Pack\" \/>\n<meta property=\"og:description\" content=\"A pack of four of our colorful Beirut stickers (two English, two Arabic) to brighten up your day! These stickers are waterproof, made of recycled materials, and leave no residue behind! They&#039;re also reusable and can be used on your laptop, phone, bags, and virtually everything!\" \/>\n<meta property=\"og:url\" content=\"https:\/\/www.beirut.com\/fr\/product\/beirut-sticker-pack\/\" \/>\n<meta property=\"og:site_name\" content=\"Beirut.com\" \/>\n<meta property=\"article:publisher\" content=\"https:\/\/www.facebook.com\/beirutcityguide\" \/>\n<meta property=\"article:modified_time\" content=\"2024-05-29T12:23:07+00:00\" \/>\n<meta property=\"og:image\" content=\"https:\/\/www.beirut.com\/wp-content\/uploads\/2024\/05\/stick.jpg\" \/>\n\t<meta property=\"og:image:width\" content=\"1925\" \/>\n\t<meta property=\"og:image:height\" content=\"1925\" \/>\n\t<meta property=\"og:image:type\" content=\"image\/jpeg\" \/>\n<meta name=\"twitter:card\" content=\"summary_large_image\" \/>\n<meta name=\"twitter:site\" content=\"@beirutcityguide\" \/>\n<meta name=\"twitter:label1\" content=\"Dur\u00e9e de lecture estim\u00e9e\" \/>\n\t<meta name=\"twitter:data1\" content=\"1 minute\" \/>\n<script type=\"application\/ld+json\" class=\"yoast-schema-graph\">{\"@context\":\"https:\\\/\\\/schema.org\",\"@graph\":[{\"@type\":\"WebPage\",\"@id\":\"https:\\\/\\\/www.beirut.com\\\/fr\\\/product\\\/beirut-sticker-pack\\\/\",\"url\":\"https:\\\/\\\/www.beirut.com\\\/fr\\\/product\\\/beirut-sticker-pack\\\/\",\"name\":\"Beirut Sticker Pack &#187; Beirut.com\",\"isPartOf\":{\"@id\":\"https:\\\/\\\/www.beirut.com\\\/ar\\\/#website\"},\"primaryImageOfPage\":{\"@id\":\"https:\\\/\\\/www.beirut.com\\\/fr\\\/product\\\/beirut-sticker-pack\\\/#primaryimage\"},\"image\":{\"@id\":\"https:\\\/\\\/www.beirut.com\\\/fr\\\/product\\\/beirut-sticker-pack\\\/#primaryimage\"},\"thumbnailUrl\":\"https:\\\/\\\/www.beirut.com\\\/wp-content\\\/uploads\\\/2024\\\/05\\\/stick.jpg\",\"datePublished\":\"2024-05-29T09:12:01+00:00\",\"dateModified\":\"2024-05-29T12:23:07+00:00\",\"breadcrumb\":{\"@id\":\"https:\\\/\\\/www.beirut.com\\\/fr\\\/product\\\/beirut-sticker-pack\\\/#breadcrumb\"},\"inLanguage\":\"fr-FR\",\"potentialAction\":[{\"@type\":\"ReadAction\",\"target\":[\"https:\\\/\\\/www.beirut.com\\\/fr\\\/product\\\/beirut-sticker-pack\\\/\"]}]},{\"@type\":\"ImageObject\",\"inLanguage\":\"fr-FR\",\"@id\":\"https:\\\/\\\/www.beirut.com\\\/fr\\\/product\\\/beirut-sticker-pack\\\/#primaryimage\",\"url\":\"https:\\\/\\\/www.beirut.com\\\/wp-content\\\/uploads\\\/2024\\\/05\\\/stick.jpg\",\"contentUrl\":\"https:\\\/\\\/www.beirut.com\\\/wp-content\\\/uploads\\\/2024\\\/05\\\/stick.jpg\",\"width\":1925,\"height\":1925,\"caption\":\"stickers\"},{\"@type\":\"BreadcrumbList\",\"@id\":\"https:\\\/\\\/www.beirut.com\\\/fr\\\/product\\\/beirut-sticker-pack\\\/#breadcrumb\",\"itemListElement\":[{\"@type\":\"ListItem\",\"position\":1,\"name\":\"Home\",\"item\":\"https:\\\/\\\/www.beirut.com\\\/ar\\\/\"},{\"@type\":\"ListItem\",\"position\":2,\"name\":\"Beirut.com Shop\",\"item\":\"https:\\\/\\\/www.beirut.com\\\/en\\\/shop\\\/\"},{\"@type\":\"ListItem\",\"position\":3,\"name\":\"Beirut Sticker Pack\"}]},{\"@type\":\"WebSite\",\"@id\":\"https:\\\/\\\/www.beirut.com\\\/ar\\\/#website\",\"url\":\"https:\\\/\\\/www.beirut.com\\\/ar\\\/\",\"name\":\"Beirut.com\",\"description\":\"Beirut.com est votre guide de Liban, avec les meilleures adresses de gastronomie, culture, quartiers et nouveaut\u00e9s. D\u00e9couvrez o\u00f9 aller et tomber amoureux.\",\"publisher\":{\"@id\":\"https:\\\/\\\/www.beirut.com\\\/ar\\\/#organization\"},\"potentialAction\":[{\"@type\":\"SearchAction\",\"target\":{\"@type\":\"EntryPoint\",\"urlTemplate\":\"https:\\\/\\\/www.beirut.com\\\/ar\\\/?s={search_term_string}\"},\"query-input\":{\"@type\":\"PropertyValueSpecification\",\"valueRequired\":true,\"valueName\":\"search_term_string\"}}],\"inLanguage\":\"fr-FR\"},{\"@type\":\"Organization\",\"@id\":\"https:\\\/\\\/www.beirut.com\\\/ar\\\/#organization\",\"name\":\"Beirut.com, SA\",\"url\":\"https:\\\/\\\/www.beirut.com\\\/ar\\\/\",\"logo\":{\"@type\":\"ImageObject\",\"inLanguage\":\"fr-FR\",\"@id\":\"https:\\\/\\\/www.beirut.com\\\/ar\\\/#\\\/schema\\\/logo\\\/image\\\/\",\"url\":\"https:\\\/\\\/www.beirut.com\\\/wp-content\\\/uploads\\\/2023\\\/04\\\/Beirut.com-Logo-scaled.jpg\",\"contentUrl\":\"https:\\\/\\\/www.beirut.com\\\/wp-content\\\/uploads\\\/2023\\\/04\\\/Beirut.com-Logo-scaled.jpg\",\"width\":2560,\"height\":1044,\"caption\":\"Beirut.com, SA\"},\"image\":{\"@id\":\"https:\\\/\\\/www.beirut.com\\\/ar\\\/#\\\/schema\\\/logo\\\/image\\\/\"},\"sameAs\":[\"https:\\\/\\\/www.facebook.com\\\/beirutcityguide\",\"https:\\\/\\\/x.com\\\/beirutcityguide\"]}]}<\/script>\n<!-- \/ Yoast SEO Premium plugin. -->","yoast_head_json":{"title":"Beirut Sticker Pack &#187; Beirut.com","robots":{"index":"index","follow":"follow","max-snippet":"max-snippet:-1","max-image-preview":"max-image-preview:large","max-video-preview":"max-video-preview:-1"},"canonical":"https:\/\/www.beirut.com\/fr\/product\/beirut-sticker-pack\/","og_locale":"fr_FR","og_type":"article","og_title":"Beirut Sticker Pack","og_description":"A pack of four of our colorful Beirut stickers (two English, two Arabic) to brighten up your day! These stickers are waterproof, made of recycled materials, and leave no residue behind! They're also reusable and can be used on your laptop, phone, bags, and virtually everything!","og_url":"https:\/\/www.beirut.com\/fr\/product\/beirut-sticker-pack\/","og_site_name":"Beirut.com","article_publisher":"https:\/\/www.facebook.com\/beirutcityguide","article_modified_time":"2024-05-29T12:23:07+00:00","og_image":[{"width":1925,"height":1925,"url":"https:\/\/www.beirut.com\/wp-content\/uploads\/2024\/05\/stick.jpg","type":"image\/jpeg"}],"twitter_card":"summary_large_image","twitter_site":"@beirutcityguide","twitter_misc":{"Dur\u00e9e de lecture estim\u00e9e":"1 minute"},"schema":{"@context":"https:\/\/schema.org","@graph":[{"@type":"WebPage","@id":"https:\/\/www.beirut.com\/fr\/product\/beirut-sticker-pack\/","url":"https:\/\/www.beirut.com\/fr\/product\/beirut-sticker-pack\/","name":"Beirut Sticker Pack &#187; Beirut.com","isPartOf":{"@id":"https:\/\/www.beirut.com\/ar\/#website"},"primaryImageOfPage":{"@id":"https:\/\/www.beirut.com\/fr\/product\/beirut-sticker-pack\/#primaryimage"},"image":{"@id":"https:\/\/www.beirut.com\/fr\/product\/beirut-sticker-pack\/#primaryimage"},"thumbnailUrl":"https:\/\/www.beirut.com\/wp-content\/uploads\/2024\/05\/stick.jpg","datePublished":"2024-05-29T09:12:01+00:00","dateModified":"2024-05-29T12:23:07+00:00","breadcrumb":{"@id":"https:\/\/www.beirut.com\/fr\/product\/beirut-sticker-pack\/#breadcrumb"},"inLanguage":"fr-FR","potentialAction":[{"@type":"ReadAction","target":["https:\/\/www.beirut.com\/fr\/product\/beirut-sticker-pack\/"]}]},{"@type":"ImageObject","inLanguage":"fr-FR","@id":"https:\/\/www.beirut.com\/fr\/product\/beirut-sticker-pack\/#primaryimage","url":"https:\/\/www.beirut.com\/wp-content\/uploads\/2024\/05\/stick.jpg","contentUrl":"https:\/\/www.beirut.com\/wp-content\/uploads\/2024\/05\/stick.jpg","width":1925,"height":1925,"caption":"stickers"},{"@type":"BreadcrumbList","@id":"https:\/\/www.beirut.com\/fr\/product\/beirut-sticker-pack\/#breadcrumb","itemListElement":[{"@type":"ListItem","position":1,"name":"Home","item":"https:\/\/www.beirut.com\/ar\/"},{"@type":"ListItem","position":2,"name":"Beirut.com Shop","item":"https:\/\/www.beirut.com\/en\/shop\/"},{"@type":"ListItem","position":3,"name":"Beirut Sticker Pack"}]},{"@type":"WebSite","@id":"https:\/\/www.beirut.com\/ar\/#website","url":"https:\/\/www.beirut.com\/ar\/","name":"Beirut.com","description":"Beirut.com est votre guide de Liban, avec les meilleures adresses de gastronomie, culture, quartiers et nouveaut\u00e9s. D\u00e9couvrez o\u00f9 aller et tomber amoureux.","publisher":{"@id":"https:\/\/www.beirut.com\/ar\/#organization"},"potentialAction":[{"@type":"SearchAction","target":{"@type":"EntryPoint","urlTemplate":"https:\/\/www.beirut.com\/ar\/?s={search_term_string}"},"query-input":{"@type":"PropertyValueSpecification","valueRequired":true,"valueName":"search_term_string"}}],"inLanguage":"fr-FR"},{"@type":"Organization","@id":"https:\/\/www.beirut.com\/ar\/#organization","name":"Beirut.com, SA","url":"https:\/\/www.beirut.com\/ar\/","logo":{"@type":"ImageObject","inLanguage":"fr-FR","@id":"https:\/\/www.beirut.com\/ar\/#\/schema\/logo\/image\/","url":"https:\/\/www.beirut.com\/wp-content\/uploads\/2023\/04\/Beirut.com-Logo-scaled.jpg","contentUrl":"https:\/\/www.beirut.com\/wp-content\/uploads\/2023\/04\/Beirut.com-Logo-scaled.jpg","width":2560,"height":1044,"caption":"Beirut.com, SA"},"image":{"@id":"https:\/\/www.beirut.com\/ar\/#\/schema\/logo\/image\/"},"sameAs":["https:\/\/www.facebook.com\/beirutcityguide","https:\/\/x.com\/beirutcityguide"]}]}},"_links":{"self":[{"href":"https:\/\/www.beirut.com\/fr\/wp-json\/wp\/v2\/product\/723567","targetHints":{"allow":["GET"]}}],"collection":[{"href":"https:\/\/www.beirut.com\/fr\/wp-json\/wp\/v2\/product"}],"about":[{"href":"https:\/\/www.beirut.com\/fr\/wp-json\/wp\/v2\/types\/product"}],"wp:featuredmedia":[{"embeddable":true,"href":"https:\/\/www.beirut.com\/fr\/wp-json\/wp\/v2\/media\/723585"}],"wp:attachment":[{"href":"https:\/\/www.beirut.com\/fr\/wp-json\/wp\/v2\/media?parent=723567"}],"wp:term":[{"taxonomy":"product_brand","embeddable":true,"href":"https:\/\/www.beirut.com\/fr\/wp-json\/wp\/v2\/product_brand?post=723567"},{"taxonomy":"product_cat","embeddable":true,"href":"https:\/\/www.beirut.com\/fr\/wp-json\/wp\/v2\/product_cat?post=723567"},{"taxonomy":"product_tag","embeddable":true,"href":"https:\/\/www.beirut.com\/fr\/wp-json\/wp\/v2\/product_tag?post=723567"}],"curies":[{"name":"wp","href":"https:\/\/api.w.org\/{rel}","templated":true}]}}