{"id":733375,"date":"2024-10-10T09:31:52","date_gmt":"2024-10-10T09:31:52","guid":{"rendered":"https:\/\/www.beirut.com\/en\/?post_type=product&#038;p=733375"},"modified":"2024-10-11T09:04:02","modified_gmt":"2024-10-11T09:04:02","slug":"daily-meals-necessities-for-displaced-people-with-sawamninjah","status":"publish","type":"product","link":"https:\/\/www.beirut.com\/fr\/product\/daily-meals-necessities-for-displaced-people-with-sawamninjah\/","title":{"rendered":"Daily Meals &#038; Necessities for Displaced People with Sawamninjah"},"content":{"rendered":"<p><strong>Sawamninjah<\/strong>, an NGO that provides monthly groceries to the elderly, is supporting the displaced now settled in Tripoli by securing daily meals, clothing, blankets, and other necessities.<\/p>\n<p><strong>We\u2019re committed to transparency and will publish receipts after the transfer of funds to each charity is made, so you can see exactly how your contribution is helping those in need.<\/strong><\/p>\n","protected":false},"excerpt":{"rendered":"<p>A local initiative supporting displaced families now settled in Tripoli by providing basic necessities, including daily meals, clothing, blankets, and more.<\/p>\n<p>Each package is $20, but you can give more by adding multiple packages to your cart. Simply choose how many packages you&#8217;d like to provide before checkout.<\/p>\n","protected":false},"featured_media":733387,"template":"","meta":[],"product_brand":[],"product_cat":[2229],"product_tag":[],"class_list":{"0":"post-733375","1":"product","2":"type-product","3":"status-publish","4":"has-post-thumbnail","6":"product_cat-support-lebanon","8":"first","9":"instock","10":"virtual","11":"purchasable","12":"product-type-simple"},"yoast_head":"<!-- This site is optimized with the Yoast SEO Premium plugin v27.3 (Yoast SEO v27.3) - https:\/\/yoast.com\/product\/yoast-seo-premium-wordpress\/ -->\n<title>Daily Meals &amp; Necessities for Displaced People with Sawamninjah &#187; Beirut.com<\/title>\n<meta name=\"description\" content=\"Sawamninjah is an NGO supporting the displaced settled in Tripoli by securing daily meals, clothing, blankets, and other necessities.\" \/>\n<meta name=\"robots\" content=\"index, follow, max-snippet:-1, max-image-preview:large, max-video-preview:-1\" \/>\n<link rel=\"canonical\" href=\"https:\/\/www.beirut.com\/en\/product\/daily-meals-necessities-for-displaced-people-with-sawamninjah\/\" \/>\n<meta property=\"og:locale\" content=\"fr_FR\" \/>\n<meta property=\"og:type\" content=\"article\" \/>\n<meta property=\"og:title\" content=\"Daily Meals &amp; Necessities for Displaced People with Sawamninjah\" \/>\n<meta property=\"og:description\" content=\"Sawamninjah is an NGO supporting the displaced settled in Tripoli by securing daily meals, clothing, blankets, and other necessities.\" \/>\n<meta property=\"og:url\" content=\"https:\/\/www.beirut.com\/en\/product\/daily-meals-necessities-for-displaced-people-with-sawamninjah\/\" \/>\n<meta property=\"og:site_name\" content=\"Beirut.com\" \/>\n<meta property=\"article:publisher\" content=\"https:\/\/www.facebook.com\/beirutcityguide\" \/>\n<meta property=\"article:modified_time\" content=\"2024-10-11T09:04:02+00:00\" \/>\n<meta property=\"og:image\" content=\"https:\/\/www.beirut.com\/wp-content\/uploads\/2024\/10\/main-4.jpg\" \/>\n\t<meta property=\"og:image:width\" content=\"1200\" \/>\n\t<meta property=\"og:image:height\" content=\"630\" \/>\n\t<meta property=\"og:image:type\" content=\"image\/jpeg\" \/>\n<meta name=\"twitter:card\" content=\"summary_large_image\" \/>\n<meta name=\"twitter:site\" content=\"@beirutcityguide\" \/>\n<meta name=\"twitter:label1\" content=\"Dur\u00e9e de lecture estim\u00e9e\" \/>\n\t<meta name=\"twitter:data1\" content=\"1 minute\" \/>\n<script type=\"application\/ld+json\" class=\"yoast-schema-graph\">{\"@context\":\"https:\\\/\\\/schema.org\",\"@graph\":[{\"@type\":\"WebPage\",\"@id\":\"https:\\\/\\\/www.beirut.com\\\/en\\\/product\\\/daily-meals-necessities-for-displaced-people-with-sawamninjah\\\/\",\"url\":\"https:\\\/\\\/www.beirut.com\\\/en\\\/product\\\/daily-meals-necessities-for-displaced-people-with-sawamninjah\\\/\",\"name\":\"Daily Meals & Necessities for Displaced People with Sawamninjah &#187; Beirut.com\",\"isPartOf\":{\"@id\":\"https:\\\/\\\/www.beirut.com\\\/ar\\\/#website\"},\"primaryImageOfPage\":{\"@id\":\"https:\\\/\\\/www.beirut.com\\\/en\\\/product\\\/daily-meals-necessities-for-displaced-people-with-sawamninjah\\\/#primaryimage\"},\"image\":{\"@id\":\"https:\\\/\\\/www.beirut.com\\\/en\\\/product\\\/daily-meals-necessities-for-displaced-people-with-sawamninjah\\\/#primaryimage\"},\"thumbnailUrl\":\"https:\\\/\\\/www.beirut.com\\\/wp-content\\\/uploads\\\/2024\\\/10\\\/main-4.jpg\",\"datePublished\":\"2024-10-10T09:31:52+00:00\",\"dateModified\":\"2024-10-11T09:04:02+00:00\",\"description\":\"Sawamninjah is an NGO supporting the displaced settled in Tripoli by securing daily meals, clothing, blankets, and other necessities.\",\"breadcrumb\":{\"@id\":\"https:\\\/\\\/www.beirut.com\\\/en\\\/product\\\/daily-meals-necessities-for-displaced-people-with-sawamninjah\\\/#breadcrumb\"},\"inLanguage\":\"fr-FR\",\"potentialAction\":[{\"@type\":\"ReadAction\",\"target\":[\"https:\\\/\\\/www.beirut.com\\\/en\\\/product\\\/daily-meals-necessities-for-displaced-people-with-sawamninjah\\\/\"]}]},{\"@type\":\"ImageObject\",\"inLanguage\":\"fr-FR\",\"@id\":\"https:\\\/\\\/www.beirut.com\\\/en\\\/product\\\/daily-meals-necessities-for-displaced-people-with-sawamninjah\\\/#primaryimage\",\"url\":\"https:\\\/\\\/www.beirut.com\\\/wp-content\\\/uploads\\\/2024\\\/10\\\/main-4.jpg\",\"contentUrl\":\"https:\\\/\\\/www.beirut.com\\\/wp-content\\\/uploads\\\/2024\\\/10\\\/main-4.jpg\",\"width\":1200,\"height\":630,\"caption\":\"sawamninjah\"},{\"@type\":\"BreadcrumbList\",\"@id\":\"https:\\\/\\\/www.beirut.com\\\/en\\\/product\\\/daily-meals-necessities-for-displaced-people-with-sawamninjah\\\/#breadcrumb\",\"itemListElement\":[{\"@type\":\"ListItem\",\"position\":1,\"name\":\"Home\",\"item\":\"https:\\\/\\\/www.beirut.com\\\/ar\\\/\"},{\"@type\":\"ListItem\",\"position\":2,\"name\":\"Beirut.com Shop\",\"item\":\"https:\\\/\\\/www.beirut.com\\\/en\\\/shop\\\/\"},{\"@type\":\"ListItem\",\"position\":3,\"name\":\"Daily Meals &#038; Necessities for Displaced People with Sawamninjah\"}]},{\"@type\":\"WebSite\",\"@id\":\"https:\\\/\\\/www.beirut.com\\\/ar\\\/#website\",\"url\":\"https:\\\/\\\/www.beirut.com\\\/ar\\\/\",\"name\":\"Beirut.com\",\"description\":\"Beirut.com est votre guide de Liban, avec les meilleures adresses de gastronomie, culture, quartiers et nouveaut\u00e9s. D\u00e9couvrez o\u00f9 aller et tomber amoureux.\",\"publisher\":{\"@id\":\"https:\\\/\\\/www.beirut.com\\\/ar\\\/#organization\"},\"potentialAction\":[{\"@type\":\"SearchAction\",\"target\":{\"@type\":\"EntryPoint\",\"urlTemplate\":\"https:\\\/\\\/www.beirut.com\\\/ar\\\/?s={search_term_string}\"},\"query-input\":{\"@type\":\"PropertyValueSpecification\",\"valueRequired\":true,\"valueName\":\"search_term_string\"}}],\"inLanguage\":\"fr-FR\"},{\"@type\":\"Organization\",\"@id\":\"https:\\\/\\\/www.beirut.com\\\/ar\\\/#organization\",\"name\":\"Beirut.com, SA\",\"url\":\"https:\\\/\\\/www.beirut.com\\\/ar\\\/\",\"logo\":{\"@type\":\"ImageObject\",\"inLanguage\":\"fr-FR\",\"@id\":\"https:\\\/\\\/www.beirut.com\\\/ar\\\/#\\\/schema\\\/logo\\\/image\\\/\",\"url\":\"https:\\\/\\\/www.beirut.com\\\/wp-content\\\/uploads\\\/2023\\\/04\\\/Beirut.com-Logo-scaled.jpg\",\"contentUrl\":\"https:\\\/\\\/www.beirut.com\\\/wp-content\\\/uploads\\\/2023\\\/04\\\/Beirut.com-Logo-scaled.jpg\",\"width\":2560,\"height\":1044,\"caption\":\"Beirut.com, SA\"},\"image\":{\"@id\":\"https:\\\/\\\/www.beirut.com\\\/ar\\\/#\\\/schema\\\/logo\\\/image\\\/\"},\"sameAs\":[\"https:\\\/\\\/www.facebook.com\\\/beirutcityguide\",\"https:\\\/\\\/x.com\\\/beirutcityguide\"]}]}<\/script>\n<!-- \/ Yoast SEO Premium plugin. -->","yoast_head_json":{"title":"Daily Meals & Necessities for Displaced People with Sawamninjah &#187; Beirut.com","description":"Sawamninjah is an NGO supporting the displaced settled in Tripoli by securing daily meals, clothing, blankets, and other necessities.","robots":{"index":"index","follow":"follow","max-snippet":"max-snippet:-1","max-image-preview":"max-image-preview:large","max-video-preview":"max-video-preview:-1"},"canonical":"https:\/\/www.beirut.com\/en\/product\/daily-meals-necessities-for-displaced-people-with-sawamninjah\/","og_locale":"fr_FR","og_type":"article","og_title":"Daily Meals & Necessities for Displaced People with Sawamninjah","og_description":"Sawamninjah is an NGO supporting the displaced settled in Tripoli by securing daily meals, clothing, blankets, and other necessities.","og_url":"https:\/\/www.beirut.com\/en\/product\/daily-meals-necessities-for-displaced-people-with-sawamninjah\/","og_site_name":"Beirut.com","article_publisher":"https:\/\/www.facebook.com\/beirutcityguide","article_modified_time":"2024-10-11T09:04:02+00:00","og_image":[{"width":1200,"height":630,"url":"https:\/\/www.beirut.com\/wp-content\/uploads\/2024\/10\/main-4.jpg","type":"image\/jpeg"}],"twitter_card":"summary_large_image","twitter_site":"@beirutcityguide","twitter_misc":{"Dur\u00e9e de lecture estim\u00e9e":"1 minute"},"schema":{"@context":"https:\/\/schema.org","@graph":[{"@type":"WebPage","@id":"https:\/\/www.beirut.com\/en\/product\/daily-meals-necessities-for-displaced-people-with-sawamninjah\/","url":"https:\/\/www.beirut.com\/en\/product\/daily-meals-necessities-for-displaced-people-with-sawamninjah\/","name":"Daily Meals & Necessities for Displaced People with Sawamninjah &#187; Beirut.com","isPartOf":{"@id":"https:\/\/www.beirut.com\/ar\/#website"},"primaryImageOfPage":{"@id":"https:\/\/www.beirut.com\/en\/product\/daily-meals-necessities-for-displaced-people-with-sawamninjah\/#primaryimage"},"image":{"@id":"https:\/\/www.beirut.com\/en\/product\/daily-meals-necessities-for-displaced-people-with-sawamninjah\/#primaryimage"},"thumbnailUrl":"https:\/\/www.beirut.com\/wp-content\/uploads\/2024\/10\/main-4.jpg","datePublished":"2024-10-10T09:31:52+00:00","dateModified":"2024-10-11T09:04:02+00:00","description":"Sawamninjah is an NGO supporting the displaced settled in Tripoli by securing daily meals, clothing, blankets, and other necessities.","breadcrumb":{"@id":"https:\/\/www.beirut.com\/en\/product\/daily-meals-necessities-for-displaced-people-with-sawamninjah\/#breadcrumb"},"inLanguage":"fr-FR","potentialAction":[{"@type":"ReadAction","target":["https:\/\/www.beirut.com\/en\/product\/daily-meals-necessities-for-displaced-people-with-sawamninjah\/"]}]},{"@type":"ImageObject","inLanguage":"fr-FR","@id":"https:\/\/www.beirut.com\/en\/product\/daily-meals-necessities-for-displaced-people-with-sawamninjah\/#primaryimage","url":"https:\/\/www.beirut.com\/wp-content\/uploads\/2024\/10\/main-4.jpg","contentUrl":"https:\/\/www.beirut.com\/wp-content\/uploads\/2024\/10\/main-4.jpg","width":1200,"height":630,"caption":"sawamninjah"},{"@type":"BreadcrumbList","@id":"https:\/\/www.beirut.com\/en\/product\/daily-meals-necessities-for-displaced-people-with-sawamninjah\/#breadcrumb","itemListElement":[{"@type":"ListItem","position":1,"name":"Home","item":"https:\/\/www.beirut.com\/ar\/"},{"@type":"ListItem","position":2,"name":"Beirut.com Shop","item":"https:\/\/www.beirut.com\/en\/shop\/"},{"@type":"ListItem","position":3,"name":"Daily Meals &#038; Necessities for Displaced People with Sawamninjah"}]},{"@type":"WebSite","@id":"https:\/\/www.beirut.com\/ar\/#website","url":"https:\/\/www.beirut.com\/ar\/","name":"Beirut.com","description":"Beirut.com est votre guide de Liban, avec les meilleures adresses de gastronomie, culture, quartiers et nouveaut\u00e9s. D\u00e9couvrez o\u00f9 aller et tomber amoureux.","publisher":{"@id":"https:\/\/www.beirut.com\/ar\/#organization"},"potentialAction":[{"@type":"SearchAction","target":{"@type":"EntryPoint","urlTemplate":"https:\/\/www.beirut.com\/ar\/?s={search_term_string}"},"query-input":{"@type":"PropertyValueSpecification","valueRequired":true,"valueName":"search_term_string"}}],"inLanguage":"fr-FR"},{"@type":"Organization","@id":"https:\/\/www.beirut.com\/ar\/#organization","name":"Beirut.com, SA","url":"https:\/\/www.beirut.com\/ar\/","logo":{"@type":"ImageObject","inLanguage":"fr-FR","@id":"https:\/\/www.beirut.com\/ar\/#\/schema\/logo\/image\/","url":"https:\/\/www.beirut.com\/wp-content\/uploads\/2023\/04\/Beirut.com-Logo-scaled.jpg","contentUrl":"https:\/\/www.beirut.com\/wp-content\/uploads\/2023\/04\/Beirut.com-Logo-scaled.jpg","width":2560,"height":1044,"caption":"Beirut.com, SA"},"image":{"@id":"https:\/\/www.beirut.com\/ar\/#\/schema\/logo\/image\/"},"sameAs":["https:\/\/www.facebook.com\/beirutcityguide","https:\/\/x.com\/beirutcityguide"]}]}},"_links":{"self":[{"href":"https:\/\/www.beirut.com\/fr\/wp-json\/wp\/v2\/product\/733375","targetHints":{"allow":["GET"]}}],"collection":[{"href":"https:\/\/www.beirut.com\/fr\/wp-json\/wp\/v2\/product"}],"about":[{"href":"https:\/\/www.beirut.com\/fr\/wp-json\/wp\/v2\/types\/product"}],"wp:featuredmedia":[{"embeddable":true,"href":"https:\/\/www.beirut.com\/fr\/wp-json\/wp\/v2\/media\/733387"}],"wp:attachment":[{"href":"https:\/\/www.beirut.com\/fr\/wp-json\/wp\/v2\/media?parent=733375"}],"wp:term":[{"taxonomy":"product_brand","embeddable":true,"href":"https:\/\/www.beirut.com\/fr\/wp-json\/wp\/v2\/product_brand?post=733375"},{"taxonomy":"product_cat","embeddable":true,"href":"https:\/\/www.beirut.com\/fr\/wp-json\/wp\/v2\/product_cat?post=733375"},{"taxonomy":"product_tag","embeddable":true,"href":"https:\/\/www.beirut.com\/fr\/wp-json\/wp\/v2\/product_tag?post=733375"}],"curies":[{"name":"wp","href":"https:\/\/api.w.org\/{rel}","templated":true}]}}